{"id":6016,"date":"2026-03-04T20:01:40","date_gmt":"2026-03-04T20:01:40","guid":{"rendered":"https:\/\/rosaezapaterra.com.br\/?page_id=6016"},"modified":"2026-04-07T23:18:12","modified_gmt":"2026-04-07T23:18:12","slug":"areas-de-atuacao","status":"publish","type":"page","link":"https:\/\/rosaezapaterra.com.br\/en\/areas-de-atuacao\/","title":{"rendered":"Areas of expertise"},"content":{"rendered":"<div id=\"fws_6a0738e3a4df9\"  data-column-margin=\"default\" data-midnight=\"light\" data-top-percent=\"10%\" data-bottom-percent=\"10%\"  class=\"wpb_row vc_row-fluid vc_row full-width-section has-row-bg-color\"  style=\"padding-top: calc(100vw * 0.10); padding-bottom: calc(100vw * 0.10); --row-bg-color: #161616;\"><div class=\"row-bg-wrap\" data-bg-animation=\"none\" data-bg-animation-delay=\"\" data-bg-overlay=\"false\"><div class=\"inner-wrap row-bg-layer\" ><div class=\"row-bg viewport-desktop using-bg-color\"  style=\"background-color: #161616; \"><\/div><\/div><\/div><div class=\"row_col_wrap_12 col span_12 light left\">\n\t<div  class=\"vc_col-sm-12 wpb_column column_container vc_column_container col no-extra-padding inherit_tablet inherit_phone flex_gap_desktop_10px\"  data-padding-pos=\"all\" data-has-bg-color=\"false\" data-bg-color=\"\" data-bg-opacity=\"1\" data-animation=\"\" data-delay=\"0\" >\n\t\t<div class=\"vc_column-inner\" >\n\t\t\t<div class=\"wpb_wrapper\">\n\t\t\t\t<div id=\"fws_6a0738e3a52a4\" data-midnight=\"\" data-column-margin=\"default\" class=\"wpb_row vc_row-fluid vc_row inner_row\"  style=\"\"><div class=\"row-bg-wrap\"> <div class=\"row-bg\" ><\/div> <\/div><div class=\"row_col_wrap_12_inner col span_12  left\">\n\t<div  class=\"vc_col-sm-12 wpb_column column_container vc_column_container col child_column no-extra-padding inherit_tablet inherit_phone flex_gap_desktop_10px\"   data-padding-pos=\"all\" data-has-bg-color=\"false\" data-bg-color=\"\" data-bg-opacity=\"1\" data-animation=\"\" data-delay=\"0\" >\n\t\t<div class=\"vc_column-inner\" >\n\t\t<div class=\"wpb_wrapper\">\n\t\t\t<h2 style=\"font-size: 48px;line-height: 57px;text-align: center\" class=\"vc_custom_heading vc_do_custom_heading\" >Areas of expertise<\/h2>\n\t\t<\/div> \n\t<\/div>\n\t<\/div> \n<\/div><\/div><div id=\"fws_6a0738e3a5a8d\" data-midnight=\"\" data-column-margin=\"default\" class=\"wpb_row vc_row-fluid vc_row inner_row\"  style=\"padding-top: 20px; \"><div class=\"row-bg-wrap\"> <div class=\"row-bg\" ><\/div> <\/div><div class=\"row_col_wrap_12_inner col span_12  left\">\n\t<div  class=\"vc_col-sm-4 wpb_column column_container vc_column_container col child_column centered-text has-animation padding-3-percent inherit_tablet inherit_phone flex_gap_desktop_10px\"   data-padding-pos=\"all\" data-has-bg-color=\"false\" data-bg-color=\"\" data-bg-opacity=\"1\" data-animation=\"fade-in-from-bottom\" data-delay=\"0\" >\n\t\t<div class=\"vc_column-inner\" >\n\t\t<div class=\"wpb_wrapper\">\n\t\t\t<div class=\"nectar_icon_wrap\" data-border-thickness=\"2px\" data-style=\"border-animation\" data-padding=\"25px\" data-color=\"white\" style=\"\" >\n\t\t<div class=\"nectar_icon\" ><a href=\"#\" ><\/a><span class=\"im-icon-wrap\" data-color=\"white\" style=\"height: 75px; width: 75px;\"><span><svg role=\"presentation\" version=\"1.1\" xmlns=\"http:\/\/www.w3.org\/2000\/svg\" width=\"50\" height=\"50\" viewbox=\"0 0 37 32\">\n        <path d=\"M8.667 31.667h-6.667c-0.367 0-0.667-0.3-0.667-0.667v-8.391l-1.139-1.139c-0.125-0.127-0.195-0.296-0.195-0.472v-8.707c0-1.815 1.476-3.292 3.292-3.292h4.084c1.813 0 3.292 1.476 3.292 3.292v8.708c0 0.177-0.071 0.347-0.195 0.472l-1.139 1.139v8.391c-0.001 0.365-0.3 0.665-0.668 0.665zM2.667 30.333h5.333v-8c0-0.177 0.071-0.347 0.195-0.472l1.139-1.139v-8.432c0-1.080-0.879-1.959-1.959-1.959h-4.084c-1.080 0-1.959 0.879-1.959 1.959v8.432l1.139 1.139c0.125 0.125 0.195 0.295 0.195 0.472v8h0.001zM5.333 8.333c-2.205 0-4-1.795-4-4s1.795-4 4-4c2.205 0 4 1.795 4 4s-1.793 4-4 4zM5.333 1.667c-1.472 0-2.667 1.195-2.667 2.667s1.195 2.667 2.667 2.667c1.472 0 2.667-1.195 2.667-2.667s-1.195-2.667-2.667-2.667zM19.333 31.667h-4c-0.367 0-0.667-0.3-0.667-0.667v-5.568l-1.043-0.712c-0.183-0.127-0.291-0.331-0.291-0.551v-5.948c0-1.385 1.128-2.555 2.461-2.555h2.789c1.271 0 2.751 1.116 2.751 2.555v5.948c0 0.22-0.108 0.424-0.292 0.551l-1.043 0.712v5.568c0 0.367-0.297 0.667-0.667 0.667zM16 30.333h2.667v-5.252c0-0.219 0.108-0.421 0.291-0.549l1.043-0.709v-5.596c0-0.571-0.755-1.221-1.417-1.221h-2.788c-0.601 0-1.129 0.572-1.129 1.221v5.596l1.043 0.709c0.183 0.128 0.291 0.331 0.291 0.549l0.001 5.252zM17.188 14.396c-1.623 0-2.943-1.32-2.943-2.943 0-1.624 1.32-2.944 2.943-2.944s2.943 1.32 2.943 2.944c0 1.623-1.32 2.943-2.943 2.943zM17.188 9.843c-0.888 0-1.609 0.723-1.609 1.611s0.721 1.609 1.609 1.609 1.609-0.721 1.609-1.609-0.721-1.611-1.609-1.611zM34 31.667h-6.667c-0.367 0-0.667-0.3-0.667-0.667v-4.667h-2.064c-0.196 0-0.385-0.088-0.513-0.243-0.128-0.152-0.18-0.359-0.14-0.549l1.396-7.333-0.012-5.917c0-1.815 1.475-3.292 3.292-3.292h4.084c1.812 0 3.292 1.476 3.292 3.292v6.041l1.291 7.032c0.044 0.088 0.071 0.195 0.071 0.301 0 0.365-0.3 0.667-0.667 0.667-0.008 0.001-0.017 0.001-0.028 0h-2.001v4.667c0 0.368-0.297 0.668-0.667 0.668zM28 30.333h5.333v-4.667c0-0.367 0.3-0.667 0.667-0.667h1.865l-1.193-6.547-0.008-6.161c0-1.080-0.879-1.959-1.959-1.959h-4.084c-1.080 0-1.96 0.879-1.96 1.959v6.041l-1.255 6.667h1.924c0.367 0 0.667 0.3 0.667 0.667l0.003 4.667zM30.667 8.333c-2.205 0-4-1.795-4-4s1.795-4 4-4c2.204 0 4 1.795 4 4s-1.792 4-4 4zM30.667 1.667c-1.472 0-2.667 1.195-2.667 2.667s1.195 2.667 2.667 2.667c1.472 0 2.667-1.195 2.667-2.667s-1.195-2.667-2.667-2.667z\"><\/path>\n        <\/svg><\/span><\/span><\/div>\n\t<\/div><div class=\"divider-wrap\" data-alignment=\"default\"><div style=\"height: 25px;\" class=\"divider\"><\/div><\/div>\n<div class=\"wpb_text_column wpb_content_element  wpb_animate_when_almost_visible wpb_fadeInUp fadeInUp vc_custom_1773753273174\" >\n\t<h4>Direito das Fam\u00edlias e Sucess\u00f5es<\/h4>\n<\/div>\n\n\n\n<p style=\"color: rgba(255,255,255,0.65);text-align: center\" class=\"vc_custom_heading vc_do_custom_heading wpb_animate_when_almost_visible wpb_fadeInUp fadeInUp\" >Atua\u00e7\u00e3o em div\u00f3rcios, partilha de bens, pens\u00e3o aliment\u00edcia, guarda de filhos, regulamenta\u00e7\u00e3o de visitas e planejamento sucess\u00f3rio, sempre com foco na solu\u00e7\u00e3o equilibrada dos conflitos familiares.<\/p>\n\t\t<\/div> \n\t<\/div>\n\t<\/div> \n\n\t<div  class=\"vc_col-sm-4 wpb_column column_container vc_column_container col child_column centered-text has-animation padding-3-percent inherit_tablet inherit_phone flex_gap_desktop_10px\"   data-padding-pos=\"all\" data-has-bg-color=\"false\" data-bg-color=\"\" data-bg-opacity=\"1\" data-animation=\"fade-in-from-bottom\" data-delay=\"0\" >\n\t\t<div class=\"vc_column-inner\" >\n\t\t<div class=\"wpb_wrapper\">\n\t\t\t<div class=\"nectar_icon_wrap\" data-border-thickness=\"2px\" data-style=\"border-animation\" data-padding=\"25px\" data-color=\"white\" style=\"\" >\n\t\t<div class=\"nectar_icon\" ><a href=\"#\" ><\/a><span class=\"im-icon-wrap\" data-color=\"white\" style=\"height: 75px; width: 75px;\"><span><svg role=\"presentation\" version=\"1.1\" xmlns=\"http:\/\/www.w3.org\/2000\/svg\" width=\"50\" height=\"50\" viewbox=\"0 0 32 32\">\n        <path d=\"M31.333 26.667h-30.667c-0.367 0-0.667-0.299-0.667-0.667v-17.333c0-0.368 0.3-0.667 0.667-0.667h30.667c0.367 0 0.667 0.299 0.667 0.667v17.333c0 0.368-0.3 0.667-0.667 0.667zM1.333 25.333h29.333v-16h-29.333v16zM19.333 9.333h-6.667c-0.367 0-0.667-0.299-0.667-0.667v-2.667c0-0.368 0.3-0.667 0.667-0.667h6.667c0.367 0 0.667 0.299 0.667 0.667v2.667c0 0.368-0.3 0.667-0.667 0.667zM13.333 8h5.333v-1.333h-5.333v1.333zM4.667 26c-0.367 0-0.667-0.299-0.667-0.667v-16c0-0.368 0.3-0.667 0.667-0.667s0.667 0.299 0.667 0.667v16c0 0.368-0.3 0.667-0.667 0.667zM8.667 26c-0.367 0-0.667-0.299-0.667-0.667v-16c0-0.368 0.3-0.667 0.667-0.667s0.667 0.299 0.667 0.667v16c0 0.368-0.3 0.667-0.667 0.667zM23.333 26c-0.367 0-0.667-0.299-0.667-0.667v-16c0-0.368 0.3-0.667 0.667-0.667s0.667 0.299 0.667 0.667v16c0 0.368-0.3 0.667-0.667 0.667zM27.333 26c-0.367 0-0.667-0.299-0.667-0.667v-16c0-0.368 0.3-0.667 0.667-0.667s0.667 0.299 0.667 0.667v16c0 0.368-0.3 0.667-0.667 0.667zM8 8h-2.667c-0.367 0-0.667-0.299-0.667-0.667s0.3-0.667 0.667-0.667h2.667c0.367 0 0.667 0.299 0.667 0.667s-0.3 0.667-0.667 0.667zM26.667 8h-2.667c-0.367 0-0.667-0.299-0.667-0.667s0.3-0.667 0.667-0.667h2.667c0.367 0 0.667 0.299 0.667 0.667s-0.3 0.667-0.667 0.667z\"><\/path>\n        <\/svg><\/span><\/span><\/div>\n\t<\/div><div class=\"divider-wrap\" data-alignment=\"default\"><div style=\"height: 25px;\" class=\"divider\"><\/div><\/div>\n<div class=\"wpb_text_column wpb_content_element  wpb_animate_when_almost_visible wpb_fadeInUp fadeInUp vc_custom_1773630860633\" >\n\t<h4>Direito Empresarial<\/h4>\n<\/div>\n\n\n\n<p style=\"color: rgba(255,255,255,0.65);text-align: center\" class=\"vc_custom_heading vc_do_custom_heading wpb_animate_when_almost_visible wpb_fadeInUp fadeInUp\" >Assessoria jur\u00eddica a empresas na estrutura\u00e7\u00e3o de neg\u00f3cios, elabora\u00e7\u00e3o e an\u00e1lise de contratos, quest\u00f5es societ\u00e1rias, preven\u00e7\u00e3o de riscos e condu\u00e7\u00e3o de demandas judiciais.<\/p>\n\t\t<\/div> \n\t<\/div>\n\t<\/div> \n\n\t<div  class=\"vc_col-sm-4 wpb_column column_container vc_column_container col child_column centered-text has-animation padding-3-percent inherit_tablet inherit_phone flex_gap_desktop_10px\"   data-padding-pos=\"all\" data-has-bg-color=\"false\" data-bg-color=\"\" data-bg-opacity=\"1\" data-animation=\"fade-in-from-bottom\" data-delay=\"0\" >\n\t\t<div class=\"vc_column-inner\" >\n\t\t<div class=\"wpb_wrapper\">\n\t\t\t<div class=\"nectar_icon_wrap\" data-border-thickness=\"2px\" data-style=\"border-animation\" data-padding=\"25px\" data-color=\"white\" style=\"\" >\n\t\t<div class=\"nectar_icon\" ><a href=\"#\" ><\/a><span class=\"im-icon-wrap\" data-color=\"white\" style=\"height: 75px; width: 75px;\"><span><svg role=\"presentation\" version=\"1.1\" xmlns=\"http:\/\/www.w3.org\/2000\/svg\" width=\"50\" height=\"50\" viewbox=\"0 0 51 32\">\n        <path d=\"M50 30.667h-49.333c-0.245 0-0.469-0.136-0.585-0.349-0.116-0.216-0.107-0.476 0.028-0.683l1.224-1.88v-8.728l-1.235-2.011c-0.127-0.203-0.132-0.464-0.013-0.673 0.117-0.212 0.34-0.341 0.583-0.341h15.333c0.368 0 0.667 0.299 0.667 0.667 0 0.365-0.299 0.667-0.667 0.667h-14.14l0.711 1.156c0.064 0.107 0.099 0.227 0.099 0.349v9.115c0 0.132-0.037 0.256-0.108 0.364l-0.663 1.016h46.84l-0.62-0.901c-0.076-0.112-0.117-0.244-0.117-0.377v-9.389c0-0.133 0.039-0.26 0.112-0.369l0.64-0.961h-14.088c-0.367 0-0.667-0.3-0.667-0.667 0-0.368 0.3-0.667 0.667-0.667h15.333c0.248 0 0.472 0.136 0.585 0.352s0.104 0.479-0.031 0.684l-1.221 1.831v8.977l1.216 1.78c0.14 0.201 0.153 0.469 0.039 0.688-0.115 0.216-0.34 0.352-0.588 0.352zM16 13.333h1.333v16h-1.333v-16zM33.333 13.333h1.333v16h-1.333v-16zM35.347 13.333c-0.008 0-0.016 0-0.027 0h-19.975c-0.312 0-0.584-0.217-0.651-0.523-0.067-0.304 0.085-0.616 0.369-0.749l9.988-4.667c0.179-0.084 0.385-0.084 0.564 0l9.899 4.625c0.288 0.073 0.5 0.335 0.5 0.645-0.001 0.369-0.299 0.668-0.668 0.668zM18.347 12h13.973l-6.987-3.264-6.987 3.264zM24 1.333h1.333v6.667h-1.333v-6.667zM33.333 16h-16c-0.368 0-0.667-0.299-0.667-0.667s0.299-0.667 0.667-0.667h16c0.367 0 0.667 0.299 0.667 0.667s-0.3 0.667-0.667 0.667zM20.667 30c-0.368 0-0.667-0.3-0.667-0.667v-13.333c0-0.368 0.299-0.667 0.667-0.667s0.667 0.299 0.667 0.667v13.333c0 0.367-0.3 0.667-0.667 0.667zM30 30c-0.367 0-0.667-0.3-0.667-0.667v-13.333c0-0.368 0.3-0.667 0.667-0.667s0.667 0.299 0.667 0.667v13.333c0 0.367-0.3 0.667-0.667 0.667zM31.333 6.667h-6.667c-0.368 0-0.667-0.299-0.667-0.667v-4c0-0.368 0.299-0.667 0.667-0.667h6.667c0.367 0 0.667 0.299 0.667 0.667v4c0 0.368-0.3 0.667-0.667 0.667zM25.333 5.333h5.333v-2.667h-5.333v2.667zM7.333 28h-2.667c-0.368 0-0.667-0.3-0.667-0.667v-2.667c0-0.367 0.299-0.667 0.667-0.667h2.667c0.368 0 0.667 0.3 0.667 0.667v2.667c0 0.367-0.3 0.667-0.667 0.667zM5.333 26.667h1.333v-1.333h-1.333v1.333zM7.333 22.667h-2.667c-0.368 0-0.667-0.3-0.667-0.667v-2.667c0-0.367 0.299-0.667 0.667-0.667h2.667c0.368 0 0.667 0.3 0.667 0.667v2.667c0 0.367-0.3 0.667-0.667 0.667zM5.333 21.333h1.333v-1.333h-1.333v1.333zM12.667 28h-2.667c-0.368 0-0.667-0.3-0.667-0.667v-2.667c0-0.367 0.299-0.667 0.667-0.667h2.667c0.367 0 0.667 0.3 0.667 0.667v2.667c0 0.367-0.3 0.667-0.667 0.667zM10.667 26.667h1.333v-1.333h-1.333v1.333zM12.667 22.667h-2.667c-0.368 0-0.667-0.3-0.667-0.667v-2.667c0-0.367 0.299-0.667 0.667-0.667h2.667c0.367 0 0.667 0.3 0.667 0.667v2.667c0 0.367-0.3 0.667-0.667 0.667zM10.667 21.333h1.333v-1.333h-1.333v1.333zM40.667 28h-2.667c-0.367 0-0.667-0.3-0.667-0.667v-2.667c0-0.367 0.3-0.667 0.667-0.667h2.667c0.367 0 0.667 0.3 0.667 0.667v2.667c0 0.367-0.3 0.667-0.667 0.667zM38.667 26.667h1.333v-1.333h-1.333v1.333zM40.667 22.667h-2.667c-0.367 0-0.667-0.3-0.667-0.667v-2.667c0-0.367 0.3-0.667 0.667-0.667h2.667c0.367 0 0.667 0.3 0.667 0.667v2.667c0 0.367-0.3 0.667-0.667 0.667zM38.667 21.333h1.333v-1.333h-1.333v1.333zM46 28h-2.667c-0.367 0-0.667-0.3-0.667-0.667v-2.667c0-0.367 0.3-0.667 0.667-0.667h2.667c0.367 0 0.667 0.3 0.667 0.667v2.667c0 0.367-0.3 0.667-0.667 0.667zM44 26.667h1.333v-1.333h-1.333v1.333zM46 22.667h-2.667c-0.367 0-0.667-0.3-0.667-0.667v-2.667c0-0.367 0.3-0.667 0.667-0.667h2.667c0.367 0 0.667 0.3 0.667 0.667v2.667c0 0.367-0.3 0.667-0.667 0.667zM44 21.333h1.333v-1.333h-1.333v1.333zM28 29.333h-1.333v-3.071c0-0.417-0.735-0.929-1.333-0.929s-1.333 0.513-1.333 0.929v3.071h-1.333v-3.071c0-1.276 1.433-2.263 2.667-2.263 1.232 0 2.667 0.988 2.667 2.263v3.071zM27.333 22.667h-4c-0.368 0-0.667-0.3-0.667-0.667v-4c0-0.367 0.299-0.667 0.667-0.667h4c0.367 0 0.667 0.3 0.667 0.667v4c0 0.367-0.3 0.667-0.667 0.667zM24 21.333h2.667v-2.667h-2.667v2.667z\"><\/path>\n        <\/svg><\/span><\/span><\/div>\n\t<\/div><div class=\"divider-wrap\" data-alignment=\"default\"><div style=\"height: 25px;\" class=\"divider\"><\/div><\/div>\n<div class=\"wpb_text_column wpb_content_element  wpb_animate_when_almost_visible wpb_fadeInUp fadeInUp vc_custom_1773630868313\" >\n\t<h4>Direito Imobili\u00e1rio<\/h4>\n<\/div>\n\n\n\n<p style=\"color: rgba(255,255,255,0.65);text-align: center\" class=\"vc_custom_heading vc_do_custom_heading wpb_animate_when_almost_visible wpb_fadeInUp fadeInUp\" >Atua\u00e7\u00e3o em compra e venda de im\u00f3veis, elabora\u00e7\u00e3o e revis\u00e3o de contratos, regulariza\u00e7\u00e3o imobili\u00e1ria, loca\u00e7\u00f5es e resolu\u00e7\u00e3o de disputas envolvendo propriedades.<\/p>\n\t\t<\/div> \n\t<\/div>\n\t<\/div> \n<\/div><\/div>\n\t\t\t<\/div> \n\t\t<\/div>\n\t<\/div> \n<\/div><\/div>","protected":false},"excerpt":{"rendered":"\u00c1reas de atua\u00e7\u00e3o Direito das Fam\u00edlias e Sucess\u00f5es Atua\u00e7\u00e3o em div\u00f3rcios, partilha de bens, pens\u00e3o aliment\u00edcia, guarda de filhos, regulamenta\u00e7\u00e3o de visitas e planejamento sucess\u00f3rio, sempre com foco na solu\u00e7\u00e3o...","protected":false},"author":1,"featured_media":0,"parent":0,"menu_order":0,"comment_status":"closed","ping_status":"closed","template":"","meta":{"pagelayer_contact_templates":[],"_pagelayer_content":"","_joinchat":[],"footnotes":""},"class_list":["post-6016","page","type-page","status-publish"],"_links":{"self":[{"href":"https:\/\/rosaezapaterra.com.br\/en\/wp-json\/wp\/v2\/pages\/6016","targetHints":{"allow":["GET"]}}],"collection":[{"href":"https:\/\/rosaezapaterra.com.br\/en\/wp-json\/wp\/v2\/pages"}],"about":[{"href":"https:\/\/rosaezapaterra.com.br\/en\/wp-json\/wp\/v2\/types\/page"}],"author":[{"embeddable":true,"href":"https:\/\/rosaezapaterra.com.br\/en\/wp-json\/wp\/v2\/users\/1"}],"replies":[{"embeddable":true,"href":"https:\/\/rosaezapaterra.com.br\/en\/wp-json\/wp\/v2\/comments?post=6016"}],"version-history":[{"count":5,"href":"https:\/\/rosaezapaterra.com.br\/en\/wp-json\/wp\/v2\/pages\/6016\/revisions"}],"predecessor-version":[{"id":6243,"href":"https:\/\/rosaezapaterra.com.br\/en\/wp-json\/wp\/v2\/pages\/6016\/revisions\/6243"}],"wp:attachment":[{"href":"https:\/\/rosaezapaterra.com.br\/en\/wp-json\/wp\/v2\/media?parent=6016"}],"curies":[{"name":"wp","href":"https:\/\/api.w.org\/{rel}","templated":true}]}}