{"id":6020,"date":"2026-03-04T20:02:50","date_gmt":"2026-03-04T20:02:50","guid":{"rendered":"https:\/\/rosaezapaterra.com.br\/?page_id=6020"},"modified":"2026-03-16T14:27:38","modified_gmt":"2026-03-16T14:27:38","slug":"noticias","status":"publish","type":"page","link":"https:\/\/rosaezapaterra.com.br\/en\/noticias\/","title":{"rendered":"News"},"content":{"rendered":"<div id=\"fws_6a0738389a36d\"  data-column-margin=\"default\" data-midnight=\"dark\"  class=\"wpb_row vc_row-fluid vc_row\"  style=\"padding-top: 0px; padding-bottom: 0px; \"><div class=\"row-bg-wrap\" data-bg-animation=\"none\" data-bg-animation-delay=\"\" data-bg-overlay=\"false\"><div class=\"inner-wrap row-bg-layer\" ><div class=\"row-bg viewport-desktop\"  style=\"\"><\/div><\/div><\/div><div class=\"row_col_wrap_12 col span_12 dark left\">\n\t<div  class=\"vc_col-sm-12 wpb_column column_container vc_column_container col no-extra-padding inherit_tablet inherit_phone flex_gap_desktop_10px\"  data-padding-pos=\"all\" data-has-bg-color=\"false\" data-bg-color=\"\" data-bg-opacity=\"1\" data-animation=\"\" data-delay=\"0\" >\n\t\t<div class=\"vc_column-inner\" >\n\t\t\t<div class=\"wpb_wrapper\">\n\t\t\t\t\n    <div class=\"row blog-recent columns-1\" data-style=\"default\" data-color-scheme=\"light\" data-remove-post-date=\"\" data-remove-post-author=\"\" data-remove-post-comment-number=\"\" data-remove-post-nectar-love=\"\">\n\n      \n      <div class=\"col span_12 post-6245 post type-post status-publish format-standard has-post-thumbnail category-noticias\" >\n\n        <a href=\"https:\/\/rosaezapaterra.com.br\/en\/2026\/04\/13\/o-codigo-de-defesa-do-consumidor-em-favor-das-empresas\/\"><img loading=\"lazy\" decoding=\"async\" width=\"600\" height=\"403\" src=\"https:\/\/rosaezapaterra.com.br\/wp-content\/uploads\/2026\/04\/OKOK-600x403.webp\" class=\"attachment-portfolio-thumb size-portfolio-thumb wp-post-image\" alt=\"\" title=\"\" srcset=\"https:\/\/rosaezapaterra.com.br\/wp-content\/uploads\/2026\/04\/OKOK-600x403.webp 600w, https:\/\/rosaezapaterra.com.br\/wp-content\/uploads\/2026\/04\/OKOK-900x604.webp 900w, https:\/\/rosaezapaterra.com.br\/wp-content\/uploads\/2026\/04\/OKOK-400x269.webp 400w\" sizes=\"auto, (max-width: 600px) 100vw, 600px\" \/><\/a>\n            <div class=\"post-header\">\n              <h3 class=\"title\"><a href=\"https:\/\/rosaezapaterra.com.br\/en\/2026\/04\/13\/o-codigo-de-defesa-do-consumidor-em-favor-das-empresas\/\">The Consumer Defense Code in favor of companies.<\/a><\/h3>\n              <span class=\"meta-author\"><a href=\"https:\/\/rosaezapaterra.com.br\/en\/author\/advlogin\/\" title=\"Posts by advlogin\" rel=\"author\">advlogin<\/a> <\/span> <span class=\"meta-category\"> | <a href=\"https:\/\/rosaezapaterra.com.br\/en\/category\/noticias\/\">News<\/a> <\/span> <span class=\"meta-comment-count\"> | <a href=\"https:\/\/rosaezapaterra.com.br\/en\/2026\/04\/13\/o-codigo-de-defesa-do-consumidor-em-favor-das-empresas\/#respond\">\n              No Comments<\/a> <\/span>\n            <\/div>\n\n            <div class=\"excerpt\">The Brazilian entrepreneur is largely familiar with the Consumer Defense Code. In effect since 1990, this law is the main normative instrument governing relations between suppliers...<\/div>\n      <\/div><!--\/col-->\n\n      \n      <div class=\"col span_12 post-1 post type-post status-publish format-standard has-post-thumbnail category-noticias\" >\n\n        <a href=\"https:\/\/rosaezapaterra.com.br\/en\/2026\/01\/28\/direito-das-familias\/\"><img loading=\"lazy\" decoding=\"async\" width=\"600\" height=\"403\" src=\"https:\/\/rosaezapaterra.com.br\/wp-content\/uploads\/2026\/01\/ChatGPT-Image-6-de-mar.-de-2026-12_55_35-600x403.png\" class=\"attachment-portfolio-thumb size-portfolio-thumb wp-post-image\" alt=\"\" title=\"\" srcset=\"https:\/\/rosaezapaterra.com.br\/wp-content\/uploads\/2026\/01\/ChatGPT-Image-6-de-mar.-de-2026-12_55_35-600x403.png 600w, https:\/\/rosaezapaterra.com.br\/wp-content\/uploads\/2026\/01\/ChatGPT-Image-6-de-mar.-de-2026-12_55_35-900x604.png 900w, https:\/\/rosaezapaterra.com.br\/wp-content\/uploads\/2026\/01\/ChatGPT-Image-6-de-mar.-de-2026-12_55_35-400x269.png 400w\" sizes=\"auto, (max-width: 600px) 100vw, 600px\" \/><\/a>\n            <div class=\"post-header\">\n              <h3 class=\"title\"><a href=\"https:\/\/rosaezapaterra.com.br\/en\/2026\/01\/28\/direito-das-familias\/\">Recent trends in estate and succession planning<\/a><\/h3>\n              <span class=\"meta-author\"><a href=\"https:\/\/rosaezapaterra.com.br\/en\/author\/advlogin\/\" title=\"Posts by advlogin\" rel=\"author\">advlogin<\/a> <\/span> <span class=\"meta-category\"> | <a href=\"https:\/\/rosaezapaterra.com.br\/en\/category\/noticias\/\">News<\/a> <\/span> <span class=\"meta-comment-count\"> | <a href=\"https:\/\/rosaezapaterra.com.br\/en\/2026\/01\/28\/direito-das-familias\/#comments\">\n              One Comment<\/a> <\/span>\n            <\/div>\n\n            <div class=\"excerpt\">Family and Succession Law: Recent Trends in Estate and Succession Planning In recent years, Family and Succession Law in Brazil has undergone significant transformations, especially in light of...<\/div>\n      <\/div><!--\/col-->\n\n      \n      <div class=\"col span_12 post-6009 post type-post status-publish format-standard has-post-thumbnail category-noticias\" >\n\n        <a href=\"https:\/\/rosaezapaterra.com.br\/en\/2019\/09\/17\/wake-up-and-smell-the-roses\/\"><img loading=\"lazy\" decoding=\"async\" width=\"600\" height=\"403\" src=\"https:\/\/rosaezapaterra.com.br\/wp-content\/uploads\/2019\/09\/ChatGPT-Image-6-de-mar.-de-2026-13_16_47-600x403.png\" class=\"attachment-portfolio-thumb size-portfolio-thumb wp-post-image\" alt=\"\" title=\"\" srcset=\"https:\/\/rosaezapaterra.com.br\/wp-content\/uploads\/2019\/09\/ChatGPT-Image-6-de-mar.-de-2026-13_16_47-600x403.png 600w, https:\/\/rosaezapaterra.com.br\/wp-content\/uploads\/2019\/09\/ChatGPT-Image-6-de-mar.-de-2026-13_16_47-900x604.png 900w, https:\/\/rosaezapaterra.com.br\/wp-content\/uploads\/2019\/09\/ChatGPT-Image-6-de-mar.-de-2026-13_16_47-400x269.png 400w\" sizes=\"auto, (max-width: 600px) 100vw, 600px\" \/><\/a>\n            <div class=\"post-header\">\n              <h3 class=\"title\"><a href=\"https:\/\/rosaezapaterra.com.br\/en\/2019\/09\/17\/wake-up-and-smell-the-roses\/\">New regulatory challenges and impacts on the real estate asset market<\/a><\/h3>\n              <span class=\"meta-author\"><a href=\"https:\/\/rosaezapaterra.com.br\/en\/author\/advlogin\/\" title=\"Posts by advlogin\" rel=\"author\">advlogin<\/a> <\/span> <span class=\"meta-category\"> | <a href=\"https:\/\/rosaezapaterra.com.br\/en\/category\/noticias\/\">News<\/a> <\/span> <span class=\"meta-comment-count\"> | <a href=\"https:\/\/rosaezapaterra.com.br\/en\/2019\/09\/17\/wake-up-and-smell-the-roses\/#respond\">\n              No Comments<\/a> <\/span>\n            <\/div>\n\n            <div class=\"excerpt\">Brazilian Real Estate Law Brazilian real estate law has undergone significant changes due to regulatory, tax, and economic transformations that directly impact the acquisition, use, and transfer of real estate.<\/div>\n      <\/div><!--\/col-->\n\n      \n    <\/div><!--\/blog-recent-->\n\n  \n\t\t\t<\/div> \n\t\t<\/div>\n\t<\/div> \n<\/div><\/div>","protected":false},"excerpt":{"rendered":"O Direito Imobili\u00e1rio Brasileiro O Direito Imobili\u00e1rio brasileiro tem enfrentado mudan\u00e7as relevantes decorrentes de transforma\u00e7\u00f5es regulat\u00f3rias, tribut\u00e1rias e econ\u00f4micas que impactam diretamente a aquisi\u00e7\u00e3o, explora\u00e7\u00e3o e transfer\u00eancia de bens im\u00f3veis....","protected":false},"author":1,"featured_media":0,"parent":0,"menu_order":0,"comment_status":"closed","ping_status":"closed","template":"","meta":{"pagelayer_contact_templates":[],"_pagelayer_content":"","_joinchat":[],"footnotes":""},"class_list":["post-6020","page","type-page","status-publish"],"_links":{"self":[{"href":"https:\/\/rosaezapaterra.com.br\/en\/wp-json\/wp\/v2\/pages\/6020","targetHints":{"allow":["GET"]}}],"collection":[{"href":"https:\/\/rosaezapaterra.com.br\/en\/wp-json\/wp\/v2\/pages"}],"about":[{"href":"https:\/\/rosaezapaterra.com.br\/en\/wp-json\/wp\/v2\/types\/page"}],"author":[{"embeddable":true,"href":"https:\/\/rosaezapaterra.com.br\/en\/wp-json\/wp\/v2\/users\/1"}],"replies":[{"embeddable":true,"href":"https:\/\/rosaezapaterra.com.br\/en\/wp-json\/wp\/v2\/comments?post=6020"}],"version-history":[{"count":2,"href":"https:\/\/rosaezapaterra.com.br\/en\/wp-json\/wp\/v2\/pages\/6020\/revisions"}],"predecessor-version":[{"id":6134,"href":"https:\/\/rosaezapaterra.com.br\/en\/wp-json\/wp\/v2\/pages\/6020\/revisions\/6134"}],"wp:attachment":[{"href":"https:\/\/rosaezapaterra.com.br\/en\/wp-json\/wp\/v2\/media?parent=6020"}],"curies":[{"name":"wp","href":"https:\/\/api.w.org\/{rel}","templated":true}]}}