{"id":6022,"date":"2026-03-04T20:03:11","date_gmt":"2026-03-04T20:03:11","guid":{"rendered":"https:\/\/rosaezapaterra.com.br\/?page_id=6022"},"modified":"2026-04-03T19:14:23","modified_gmt":"2026-04-03T19:14:23","slug":"sobre-nos","status":"publish","type":"page","link":"https:\/\/rosaezapaterra.com.br\/en\/sobre-nos\/","title":{"rendered":"About Us"},"content":{"rendered":"<div id=\"fws_6a07378b09a25\"  data-column-margin=\"custom\" data-midnight=\"dark\" data-top-percent=\"11%\" data-bottom-percent=\"3%\"  class=\"wpb_row vc_row-fluid vc_row full-width-section  right_padding_60px left_padding_60px column-margin-17vw top_padding_phone_5rem bottom_padding_phone_3rem right_padding_tablet_25px left_padding_tablet_25px\"  style=\"padding-top: calc(100vw * 0.11); padding-bottom: calc(100vw * 0.03); \"><div class=\"row-bg-wrap\" data-bg-animation=\"none\" data-bg-animation-delay=\"\" data-bg-overlay=\"false\"><div class=\"inner-wrap row-bg-layer\" ><div class=\"row-bg viewport-desktop\"  style=\"\"><\/div><\/div><\/div><div class=\"row_col_wrap_12 col span_12 dark left\">\n\t<div  class=\"vc_col-sm-12 wpb_column column_container vc_column_container col no-extra-padding inherit_tablet inherit_phone flex_gap_desktop_10px\"  data-padding-pos=\"all\" data-has-bg-color=\"false\" data-bg-color=\"\" data-bg-opacity=\"1\" data-animation=\"\" data-delay=\"0\" >\n\t\t<div class=\"vc_column-inner\" >\n\t\t\t<div class=\"wpb_wrapper\">\n\t\t\t\t<div class=\"nectar-responsive-text nectar-link-underline-effect\" data-inherit-heading-family=\"h6\"><p>Our office<\/p>\n<\/div><div class=\"nectar-responsive-text nectar-link-underline-effect\"><h1>About Us<\/h1>\n<\/div><div class=\"nectar-responsive-text nectar-link-underline-effect\"><p>Rosa e Zapaterra Advocacia is a firm that offers personalized service, guided by technical excellence, discretion, and a commitment to secure and strategic legal solutions.<\/p>\n<p>With outstanding expertise in Family Law, Corporate Law, and Real Estate Law, the firm provides legal advisory services in both consultative and preventive capacities, assisting clients in decision-making and business structuring, as well as in litigation, handling judicial proceedings with technical rigor and procedural strategy.<\/p>\n<p>Each case is treated individually, with attention to each client's specific circumstances, always seeking effective, ethical legal solutions aligned with the highest standards of legal practice.<\/p>\n<\/div>\n\t\t\t<\/div> \n\t\t<\/div>\n\t<\/div> \n<\/div><\/div>\n\t\t<div id=\"fws_6a07378b09f2d\"  data-column-margin=\"default\" data-midnight=\"dark\"  class=\"wpb_row vc_row-fluid vc_row full-width-section has-row-bg-color\"  style=\"padding-top: 0px; padding-bottom: 0px; --row-bg-color: #000000;\"><div class=\"row-bg-wrap\" data-bg-animation=\"none\" data-bg-animation-delay=\"\" data-bg-overlay=\"false\"><div class=\"inner-wrap row-bg-layer\" ><div class=\"row-bg viewport-desktop using-bg-color\"  style=\"background-color: #000000; \"><\/div><\/div><\/div><div class=\"row_col_wrap_12 col span_12 dark left\">\n\t<div style=\"margin-top: 5%; margin-bottom: 5%; \" class=\"vc_col-sm-12 wpb_column column_container vc_column_container col centered-text has-animation no-extra-padding force-desktop-text-align-center inherit_tablet inherit_phone\"  data-padding-pos=\"all\" data-has-bg-color=\"false\" data-bg-color=\"\" data-bg-opacity=\"1\" data-animation=\"fade-in\" data-delay=\"0\" >\n\t\t<div class=\"vc_column-inner\" >\n\t\t\t<div class=\"wpb_wrapper\">\n\t\t\t\t<div class=\"nectar-gradient-text\" data-direction=\"horizontal\" data-color=\"extra-color-gradient-1\" style=\"\"><h1>An individual look<\/h1><\/div><div class=\"nectar-responsive-text nectar-link-underline-effect\" style=\"color: #E5E5E5;\"><p>Each case is treated individually, with attention to each client's specific circumstances, always seeking effective, ethical legal solutions aligned with the highest standards of legal practice.<\/p>\n<\/div>\n\t\t\t<\/div> \n\t\t<\/div>\n\t<\/div> \n<\/div><\/div>\n\t\t<div id=\"fws_6a07378b0a19e\"  data-column-margin=\"default\" data-midnight=\"dark\"  class=\"wpb_row vc_row-fluid vc_row\"  style=\"padding-top: 0px; padding-bottom: 0px; \"><div class=\"row-bg-wrap\" data-bg-animation=\"none\" data-bg-animation-delay=\"\" data-bg-overlay=\"false\"><div class=\"inner-wrap row-bg-layer\" ><div class=\"row-bg viewport-desktop\"  style=\"\"><\/div><\/div><\/div><div class=\"row_col_wrap_12 col span_12 dark left\">\n\t<div style=\"margin-top: 5%; \" class=\"vc_col-sm-12 wpb_column column_container vc_column_container col centered-text no-extra-padding inherit_tablet inherit_phone\"  data-padding-pos=\"all\" data-has-bg-color=\"false\" data-bg-color=\"\" data-bg-opacity=\"1\" data-animation=\"\" data-delay=\"0\" >\n\t\t<div class=\"vc_column-inner\" >\n\t\t\t<div class=\"wpb_wrapper\">\n\t\t\t\t<div class=\"nectar-split-heading\" data-align=\"default\" data-m-align=\"inherit\" data-text-effect=\"default\" data-animation-type=\"line-reveal-by-space\" data-animation-delay=\"0\" data-animation-offset=\"\" data-m-rm-animation=\"\" data-stagger=\"\" data-custom-font-size=\"false\" ><h2 style=\"max-width: 550px;\">Meet our team<\/h2><\/div>\n\t\t\t<\/div> \n\t\t<\/div>\n\t<\/div> \n<\/div><\/div>\n\t\t<div id=\"fws_6a07378b0a36f\"  data-column-margin=\"default\" data-midnight=\"dark\"  class=\"wpb_row vc_row-fluid vc_row\"  style=\"padding-top: 0px; padding-bottom: 0px; \"><div class=\"row-bg-wrap\" data-bg-animation=\"none\" data-bg-animation-delay=\"\" data-bg-overlay=\"false\"><div class=\"inner-wrap row-bg-layer\" ><div class=\"row-bg viewport-desktop\"  style=\"\"><\/div><\/div><\/div><div class=\"row_col_wrap_12 col span_12 dark left\">\n\t<div  class=\"vc_col-sm-6 wpb_column column_container vc_column_container col no-extra-padding inherit_tablet inherit_phone flex_gap_desktop_10px\"  data-padding-pos=\"all\" data-has-bg-color=\"false\" data-bg-color=\"\" data-bg-opacity=\"1\" data-animation=\"\" data-delay=\"0\" >\n\t\t<div class=\"vc_column-inner\" >\n\t\t\t<div class=\"wpb_wrapper\">\n\t\t\t\t<div class=\"team-member\" role=\"button\" tabindex=\"0\" data-style=\"bio_fullscreen_alt\"><div class=\"team-member-image\"><div class=\"team-member-image-inner\"><img loading=\"lazy\" decoding=\"async\" class=\"nectar-lazy\" src=\"data:image\/svg+xml;charset=utf-8,%3Csvg%20xmlns%3D'http%3A%2F%2Fwww.w3.org%2F2000%2Fsvg'%20viewBox%3D'0%200%20570%20860'%2F%3E\" data-nectar-img-src=\"https:\/\/rosaezapaterra.com.br\/wp-content\/uploads\/2026\/04\/Gustavo-1.webp\" width=\"570\" height=\"860\" alt=\"\" \/><\/div><\/div><div class=\"team-member-overlay\"><\/div>\n    <div class=\"team-meta\"><h5>OAB\/SP # 391,971<\/h5><h3>Gustavo Pereira Zapaterra<\/h3><p>Lawyer graduated from the Toledo de Ensino Institution in Bauru-SP.<br \/>\nPostgraduate in State Law from Projuris.<br \/>\nStrategic focus on Business and Real Estate Law, both preventive and litigious.<\/p><div class=\"nectar-cta\" data-color=\"default\" data-using-bg=\"false\" data-style=\"arrow-animation\" data-display=\"block\" data-alignment=\"left\"><span class=\"link_wrap\"><a class=\"link_text\" href=\"#\"><svg class=\"next-arrow\" width=\"20px\" height=\"25px\" viewbox=\"0 0 50 80\" xml:space=\"preserve\">\n        <polyline stroke=\"#000000\" stroke-width=\"9\" fill=\"none\" stroke-linecap=\"round\" stroke-linejoin=\"round\" points=\"0, 0 45, 40 0, 80\"><\/polyline>\n        <\/svg><span class=\"line\" style=\"background-color: #000;\"><\/span> <\/a><\/span><\/div><\/div>\n    <div class=\"nectar_team_bio_img\" data-img-src=\"https:\/\/themenectar.com\/demo\/dummy-data-imgs\/business\/about-team-member-big.webp\"><\/div>\n    <div class=\"nectar_team_bio\">Lawyer graduated from the Toledo de Ensino Institution in Bauru-SP.<br \/>\nPostgraduate in State Law from Projuris.<br \/>\nStrategic focus on Business and Real Estate Law, both preventive and litigious.<div class=\"bottom_meta\"><a href=\"https:\/\/www.instagram.com\/gustavo.zapaterra\" target=\"_blank\"><i class=\"icon-default-style fa fa-instagram\"><\/i><\/a><\/div><\/div>\n    <\/div>\n\t\t\t<\/div> \n\t\t<\/div>\n\t<\/div> \n\n\t<div  class=\"vc_col-sm-6 wpb_column column_container vc_column_container col no-extra-padding inherit_tablet inherit_phone flex_gap_desktop_10px\"  data-padding-pos=\"all\" data-has-bg-color=\"false\" data-bg-color=\"\" data-bg-opacity=\"1\" data-animation=\"\" data-delay=\"0\" >\n\t\t<div class=\"vc_column-inner\" >\n\t\t\t<div class=\"wpb_wrapper\">\n\t\t\t\t<div class=\"team-member\" role=\"button\" tabindex=\"0\" data-style=\"bio_fullscreen_alt\"><div class=\"team-member-image\"><div class=\"team-member-image-inner\"><img loading=\"lazy\" decoding=\"async\" class=\"nectar-lazy\" src=\"data:image\/svg+xml;charset=utf-8,%3Csvg%20xmlns%3D'http%3A%2F%2Fwww.w3.org%2F2000%2Fsvg'%20viewBox%3D'0%200%20570%20860'%2F%3E\" data-nectar-img-src=\"https:\/\/rosaezapaterra.com.br\/wp-content\/uploads\/2026\/04\/Gabrielle-1.webp\" width=\"570\" height=\"860\" alt=\"\" \/><\/div><\/div><div class=\"team-member-overlay\"><\/div>\n    <div class=\"team-meta\"><h5>OAB\/SP #387,930<\/h5><h3>Gabrielle Rosa Zapaterra<\/h3><p>Lawyer graduated from the State University of Northern Paran\u00e1.<br \/>\nPostgraduate student in Family Law at PUC-Campinas.<br \/>\nSpecialized practice in Family Law.<\/p><div class=\"nectar-cta\" data-color=\"default\" data-using-bg=\"false\" data-style=\"arrow-animation\" data-display=\"block\" data-alignment=\"left\"><span class=\"link_wrap\"><a class=\"link_text\" href=\"#\"><svg class=\"next-arrow\" width=\"20px\" height=\"25px\" viewbox=\"0 0 50 80\" xml:space=\"preserve\">\n        <polyline stroke=\"#000000\" stroke-width=\"9\" fill=\"none\" stroke-linecap=\"round\" stroke-linejoin=\"round\" points=\"0, 0 45, 40 0, 80\"><\/polyline>\n        <\/svg><span class=\"line\" style=\"background-color: #000;\"><\/span> <\/a><\/span><\/div><\/div>\n    <div class=\"nectar_team_bio_img\" data-img-src=\"https:\/\/themenectar.com\/demo\/dummy-data-imgs\/business\/about-team-member-big.webp\"><\/div>\n    <div class=\"nectar_team_bio\">Lawyer graduated from the State University of Northern Paran\u00e1.<br \/>\nPostgraduate student in Family Law at PUC-Campinas.<br \/>\nSpecialized practice in Family Law.<div class=\"bottom_meta\"><a href=\"https:\/\/www.instagram.com\/gustavo.zapaterra\" target=\"_blank\"><i class=\"icon-default-style fa fa-instagram\"><\/i><\/a><\/div><\/div>\n    <\/div>\n\t\t\t<\/div> \n\t\t<\/div>\n\t<\/div> \n<\/div><\/div>\n\t\t<div id=\"fws_6a07378b0ab47\"  data-column-margin=\"default\" data-midnight=\"dark\"  class=\"wpb_row vc_row-fluid vc_row\"  style=\"padding-top: 0px; padding-bottom: 0px; \"><div class=\"row-bg-wrap\" data-bg-animation=\"none\" data-bg-animation-delay=\"\" data-bg-overlay=\"false\"><div class=\"inner-wrap row-bg-layer\" ><div class=\"row-bg viewport-desktop\"  style=\"\"><\/div><\/div><\/div><div class=\"row_col_wrap_12 col span_12 dark left\">\n\t<div  class=\"vc_col-sm-12 wpb_column column_container vc_column_container col no-extra-padding inherit_tablet inherit_phone flex_gap_desktop_10px\"  data-padding-pos=\"all\" data-has-bg-color=\"false\" data-bg-color=\"\" data-bg-opacity=\"1\" data-animation=\"\" data-delay=\"0\" >\n\t\t<div class=\"vc_column-inner\" >\n\t\t\t<div class=\"wpb_wrapper\">\n\t\t\t\t<div class=\"divider-wrap\" data-alignment=\"default\"><div style=\"height: 25px;\" class=\"divider\"><\/div><\/div>\n\t\t\t<\/div> \n\t\t<\/div>\n\t<\/div> \n<\/div><\/div>","protected":false},"excerpt":{"rendered":"Nosso escrit\u00f3rio Sobre N\u00f3s Rosa e Zapaterra Advocacia \u00e9 um escrit\u00f3rio que oferece atendimento personalizado, pautado pela excel\u00eancia t\u00e9cnica, discri\u00e7\u00e3o e compromisso com solu\u00e7\u00f5es jur\u00eddicas seguras e estrat\u00e9gicas. Com atua\u00e7\u00e3o...","protected":false},"author":1,"featured_media":6098,"parent":0,"menu_order":0,"comment_status":"closed","ping_status":"closed","template":"","meta":{"pagelayer_contact_templates":[],"_pagelayer_content":"","_joinchat":[],"footnotes":""},"class_list":["post-6022","page","type-page","status-publish","has-post-thumbnail"],"_links":{"self":[{"href":"https:\/\/rosaezapaterra.com.br\/en\/wp-json\/wp\/v2\/pages\/6022","targetHints":{"allow":["GET"]}}],"collection":[{"href":"https:\/\/rosaezapaterra.com.br\/en\/wp-json\/wp\/v2\/pages"}],"about":[{"href":"https:\/\/rosaezapaterra.com.br\/en\/wp-json\/wp\/v2\/types\/page"}],"author":[{"embeddable":true,"href":"https:\/\/rosaezapaterra.com.br\/en\/wp-json\/wp\/v2\/users\/1"}],"replies":[{"embeddable":true,"href":"https:\/\/rosaezapaterra.com.br\/en\/wp-json\/wp\/v2\/comments?post=6022"}],"version-history":[{"count":23,"href":"https:\/\/rosaezapaterra.com.br\/en\/wp-json\/wp\/v2\/pages\/6022\/revisions"}],"predecessor-version":[{"id":6229,"href":"https:\/\/rosaezapaterra.com.br\/en\/wp-json\/wp\/v2\/pages\/6022\/revisions\/6229"}],"wp:featuredmedia":[{"embeddable":true,"href":"https:\/\/rosaezapaterra.com.br\/en\/wp-json\/wp\/v2\/media\/6098"}],"wp:attachment":[{"href":"https:\/\/rosaezapaterra.com.br\/en\/wp-json\/wp\/v2\/media?parent=6022"}],"curies":[{"name":"wp","href":"https:\/\/api.w.org\/{rel}","templated":true}]}}